{"id":1613,"date":"2021-06-02T12:30:13","date_gmt":"2021-06-02T10:30:13","guid":{"rendered":"https:\/\/shark-arts.com\/?post_type=product&#038;p=1613"},"modified":"2021-06-25T01:22:09","modified_gmt":"2021-06-24T23:22:09","slug":"2021-alexander-mcqueen-herren-sneaker","status":"publish","type":"product","link":"https:\/\/shark-arts.com\/en\/product\/2021-alexander-mcqueen-herren-sneaker\/","title":{"rendered":"Alexander McQueen\u00ae Herren-Sneaker"},"content":{"rendered":"<p><strong>Nicht Ihr Schuh, nicht Ihre Gr\u00f6\u00dfe?<\/strong><br \/>\nKein Problem, wir k\u00f6nnen die entsprechende Gr\u00f6\u00dfe beschaffen oder Ihre pers\u00f6nlichen Schuhe in kunstvolle Unikate verwandeln, <span style=\"text-decoration: underline;\">fragen Sie uns einfach<\/span>.<\/p>\n<ul>\n<li>Glattleder<\/li>\n<li>Gepolsterter Schaftrand in Kontrastoptik<\/li>\n<li>Breite Schn\u00fcrb\u00e4nder<\/li>\n<li>Perforierungen<\/li>\n<li>Nahtdetails<\/li>\n<li>K\u00f6rnige Au\u00dfensohle<\/li>\n<li>Maximale Plateauh\u00f6he: 4 cm<\/li>\n<li>Veredelung durch SHARK mit Lederfarben und Versiegelung<\/li>\n<\/ul>\n","protected":false},"excerpt":{"rendered":"<p>Der ikonische und angesagte Sneaker von Alexander McQueen\u00ae wurde durch SHARK mit speziellen Lederfarben k\u00fcnstlerisch veredelt.<\/p>\n","protected":false},"featured_media":1869,"template":"","meta":[],"product_cat":[104],"product_tag":[],"class_list":["post-1613","product","type-product","status-publish","has-post-thumbnail","hentry","product_cat-schuhe","thumb-has-effect","prod-rating-on"],"yoast_head":"<!-- This site is optimized with the Yoast SEO plugin v16.6.1 - https:\/\/yoast.com\/wordpress\/plugins\/seo\/ -->\n<title>Alexander McQueen\u00ae Herren-Sneaker - SHARK-Art&#039;s<\/title>\n<meta name=\"robots\" content=\"index, follow, max-snippet:-1, max-image-preview:large, max-video-preview:-1\" \/>\n<link rel=\"canonical\" href=\"https:\/\/shark-arts.com\/en\/product\/2021-alexander-mcqueen-herren-sneaker\/\" \/>\n<meta property=\"og:locale\" content=\"en_US\" \/>\n<meta property=\"og:type\" content=\"article\" \/>\n<meta property=\"og:title\" content=\"Alexander McQueen\u00ae Herren-Sneaker - SHARK-Art&#039;s\" \/>\n<meta property=\"og:description\" content=\"Der ikonische und angesagte Sneaker von Alexander McQueen\u00ae wurde durch SHARK mit speziellen Lederfarben k\u00fcnstlerisch veredelt.\" \/>\n<meta property=\"og:url\" content=\"https:\/\/shark-arts.com\/en\/product\/2021-alexander-mcqueen-herren-sneaker\/\" \/>\n<meta property=\"og:site_name\" content=\"SHARK-Art&#039;s\" \/>\n<meta property=\"article:modified_time\" content=\"2021-06-24T23:22:09+00:00\" \/>\n<meta property=\"og:image\" content=\"https:\/\/shark-arts.com\/wp-content\/uploads\/2021\/06\/2021-alexander-mc-queen-herren_00.jpg\" \/>\n\t<meta property=\"og:image:width\" content=\"1500\" \/>\n\t<meta property=\"og:image:height\" content=\"1500\" \/>\n<meta name=\"twitter:card\" content=\"summary_large_image\" \/>\n<meta name=\"twitter:label1\" content=\"Est. reading time\" \/>\n\t<meta name=\"twitter:data1\" content=\"1 minute\" \/>\n<script type=\"application\/ld+json\" class=\"yoast-schema-graph\">{\"@context\":\"https:\/\/schema.org\",\"@graph\":[{\"@type\":\"WebSite\",\"@id\":\"https:\/\/shark-arts.com\/#website\",\"url\":\"https:\/\/shark-arts.com\/\",\"name\":\"SHARK-Art&#039;s\",\"description\":\"SHOE ART by Kozik\",\"potentialAction\":[{\"@type\":\"SearchAction\",\"target\":{\"@type\":\"EntryPoint\",\"urlTemplate\":\"https:\/\/shark-arts.com\/?s={search_term_string}\"},\"query-input\":\"required name=search_term_string\"}],\"inLanguage\":\"en-US\"},{\"@type\":\"ImageObject\",\"@id\":\"https:\/\/shark-arts.com\/en\/product\/2021-alexander-mcqueen-herren-sneaker\/#primaryimage\",\"inLanguage\":\"en-US\",\"url\":\"https:\/\/shark-arts.com\/wp-content\/uploads\/2021\/06\/2021-alexander-mc-queen-herren_00.jpg\",\"contentUrl\":\"https:\/\/shark-arts.com\/wp-content\/uploads\/2021\/06\/2021-alexander-mc-queen-herren_00.jpg\",\"width\":1500,\"height\":1500,\"caption\":\"Alexander McQueen\\u00ae Sneaker, Herren\"},{\"@type\":\"WebPage\",\"@id\":\"https:\/\/shark-arts.com\/en\/product\/2021-alexander-mcqueen-herren-sneaker\/#webpage\",\"url\":\"https:\/\/shark-arts.com\/en\/product\/2021-alexander-mcqueen-herren-sneaker\/\",\"name\":\"Alexander McQueen\\u00ae Herren-Sneaker - SHARK-Art&#039;s\",\"isPartOf\":{\"@id\":\"https:\/\/shark-arts.com\/#website\"},\"primaryImageOfPage\":{\"@id\":\"https:\/\/shark-arts.com\/en\/product\/2021-alexander-mcqueen-herren-sneaker\/#primaryimage\"},\"datePublished\":\"2021-06-02T10:30:13+00:00\",\"dateModified\":\"2021-06-24T23:22:09+00:00\",\"breadcrumb\":{\"@id\":\"https:\/\/shark-arts.com\/en\/product\/2021-alexander-mcqueen-herren-sneaker\/#breadcrumb\"},\"inLanguage\":\"en-US\",\"potentialAction\":[{\"@type\":\"ReadAction\",\"target\":[\"https:\/\/shark-arts.com\/en\/product\/2021-alexander-mcqueen-herren-sneaker\/\"]}]},{\"@type\":\"BreadcrumbList\",\"@id\":\"https:\/\/shark-arts.com\/en\/product\/2021-alexander-mcqueen-herren-sneaker\/#breadcrumb\",\"itemListElement\":[{\"@type\":\"ListItem\",\"position\":1,\"name\":\"Startseite\",\"item\":\"https:\/\/shark-arts.com\/en\/\"},{\"@type\":\"ListItem\",\"position\":2,\"name\":\"Shop\",\"item\":\"https:\/\/shark-arts.com\/shop\/\"},{\"@type\":\"ListItem\",\"position\":3,\"name\":\"Alexander McQueen\\u00ae Herren-Sneaker\"}]}]}<\/script>\n<!-- \/ Yoast SEO plugin. -->","_links":{"self":[{"href":"https:\/\/shark-arts.com\/en\/wp-json\/wp\/v2\/product\/1613","targetHints":{"allow":["GET"]}}],"collection":[{"href":"https:\/\/shark-arts.com\/en\/wp-json\/wp\/v2\/product"}],"about":[{"href":"https:\/\/shark-arts.com\/en\/wp-json\/wp\/v2\/types\/product"}],"wp:featuredmedia":[{"embeddable":true,"href":"https:\/\/shark-arts.com\/en\/wp-json\/wp\/v2\/media\/1869"}],"wp:attachment":[{"href":"https:\/\/shark-arts.com\/en\/wp-json\/wp\/v2\/media?parent=1613"}],"wp:term":[{"taxonomy":"product_cat","embeddable":true,"href":"https:\/\/shark-arts.com\/en\/wp-json\/wp\/v2\/product_cat?post=1613"},{"taxonomy":"product_tag","embeddable":true,"href":"https:\/\/shark-arts.com\/en\/wp-json\/wp\/v2\/product_tag?post=1613"}],"curies":[{"name":"wp","href":"https:\/\/api.w.org\/{rel}","templated":true}]}}