{"id":1490,"date":"2021-05-12T17:46:44","date_gmt":"2021-05-12T15:46:44","guid":{"rendered":"https:\/\/shark-arts.com\/?post_type=product&#038;p=1490"},"modified":"2021-06-25T01:23:03","modified_gmt":"2021-06-24T23:23:03","slug":"2021-roberto-cavalli-herren-sneaker","status":"publish","type":"product","link":"https:\/\/shark-arts.com\/en\/product\/2021-roberto-cavalli-herren-sneaker\/","title":{"rendered":"Roberto Cavalli\u00ae Herren-Sneaker"},"content":{"rendered":"<p><strong>Nicht Ihr Schuh, nicht Ihre Gr\u00f6\u00dfe?<\/strong><br \/>\nKein Problem, wir k\u00f6nnen die entsprechende Gr\u00f6\u00dfe beschaffen oder Ihre pers\u00f6nlichen Schuhe in kunstvolle Unikate verwandeln, <span style=\"text-decoration: underline;\">fragen Sie uns einfach<\/span>.<\/p>\n<ul>\n<li>Dicke der Sohle:\u00a03 cm<\/li>\n<li>Form Schuhspitze:\u00a0Rund<\/li>\n<li>Herausnehmbares Fu\u00dfbett:\u00a0Ja<\/li>\n<li>Made in:\u00a0Italien<\/li>\n<li>Schafth\u00f6he:\u00a012 cm<\/li>\n<li>Verschluss:\u00a0Schn\u00fcrsenkel<\/li>\n<\/ul>\n","protected":false},"excerpt":{"rendered":"<p>Der angesagte hohe Sneaker von Roberto Cavalli\u00ae wurde durch SHARK mit speziellen Lederfarben k\u00fcnstlerisch veredelt.<\/p>\n","protected":false},"featured_media":1879,"template":"","meta":[],"product_cat":[104],"product_tag":[],"class_list":["post-1490","product","type-product","status-publish","has-post-thumbnail","hentry","product_cat-schuhe","thumb-has-effect","prod-rating-on"],"yoast_head":"<!-- This site is optimized with the Yoast SEO plugin v16.6.1 - https:\/\/yoast.com\/wordpress\/plugins\/seo\/ -->\n<title>Roberto Cavalli\u00ae Herren-Sneaker - SHARK-Art&#039;s<\/title>\n<meta name=\"robots\" content=\"index, follow, max-snippet:-1, max-image-preview:large, max-video-preview:-1\" \/>\n<link rel=\"canonical\" href=\"https:\/\/shark-arts.com\/en\/product\/2021-roberto-cavalli-herren-sneaker\/\" \/>\n<meta property=\"og:locale\" content=\"en_US\" \/>\n<meta property=\"og:type\" content=\"article\" \/>\n<meta property=\"og:title\" content=\"Roberto Cavalli\u00ae Herren-Sneaker - SHARK-Art&#039;s\" \/>\n<meta property=\"og:description\" content=\"Der angesagte hohe Sneaker von Roberto Cavalli\u00ae wurde durch SHARK mit speziellen Lederfarben k\u00fcnstlerisch veredelt.\" \/>\n<meta property=\"og:url\" content=\"https:\/\/shark-arts.com\/en\/product\/2021-roberto-cavalli-herren-sneaker\/\" \/>\n<meta property=\"og:site_name\" content=\"SHARK-Art&#039;s\" \/>\n<meta property=\"article:modified_time\" content=\"2021-06-24T23:23:03+00:00\" \/>\n<meta property=\"og:image\" content=\"https:\/\/shark-arts.com\/wp-content\/uploads\/2021\/06\/2021-roberto-cavalli-herren_00.jpg\" \/>\n\t<meta property=\"og:image:width\" content=\"1500\" \/>\n\t<meta property=\"og:image:height\" content=\"1500\" \/>\n<meta name=\"twitter:card\" content=\"summary_large_image\" \/>\n<meta name=\"twitter:label1\" content=\"Est. reading time\" \/>\n\t<meta name=\"twitter:data1\" content=\"1 minute\" \/>\n<script type=\"application\/ld+json\" class=\"yoast-schema-graph\">{\"@context\":\"https:\/\/schema.org\",\"@graph\":[{\"@type\":\"WebSite\",\"@id\":\"https:\/\/shark-arts.com\/#website\",\"url\":\"https:\/\/shark-arts.com\/\",\"name\":\"SHARK-Art&#039;s\",\"description\":\"SHOE ART by Kozik\",\"potentialAction\":[{\"@type\":\"SearchAction\",\"target\":{\"@type\":\"EntryPoint\",\"urlTemplate\":\"https:\/\/shark-arts.com\/?s={search_term_string}\"},\"query-input\":\"required name=search_term_string\"}],\"inLanguage\":\"en-US\"},{\"@type\":\"ImageObject\",\"@id\":\"https:\/\/shark-arts.com\/en\/product\/2021-roberto-cavalli-herren-sneaker\/#primaryimage\",\"inLanguage\":\"en-US\",\"url\":\"https:\/\/shark-arts.com\/wp-content\/uploads\/2021\/06\/2021-roberto-cavalli-herren_00.jpg\",\"contentUrl\":\"https:\/\/shark-arts.com\/wp-content\/uploads\/2021\/06\/2021-roberto-cavalli-herren_00.jpg\",\"width\":1500,\"height\":1500,\"caption\":\"Robert Cavalli\\u00ae Sneaker, Herren\"},{\"@type\":\"WebPage\",\"@id\":\"https:\/\/shark-arts.com\/en\/product\/2021-roberto-cavalli-herren-sneaker\/#webpage\",\"url\":\"https:\/\/shark-arts.com\/en\/product\/2021-roberto-cavalli-herren-sneaker\/\",\"name\":\"Roberto Cavalli\\u00ae Herren-Sneaker - SHARK-Art&#039;s\",\"isPartOf\":{\"@id\":\"https:\/\/shark-arts.com\/#website\"},\"primaryImageOfPage\":{\"@id\":\"https:\/\/shark-arts.com\/en\/product\/2021-roberto-cavalli-herren-sneaker\/#primaryimage\"},\"datePublished\":\"2021-05-12T15:46:44+00:00\",\"dateModified\":\"2021-06-24T23:23:03+00:00\",\"breadcrumb\":{\"@id\":\"https:\/\/shark-arts.com\/en\/product\/2021-roberto-cavalli-herren-sneaker\/#breadcrumb\"},\"inLanguage\":\"en-US\",\"potentialAction\":[{\"@type\":\"ReadAction\",\"target\":[\"https:\/\/shark-arts.com\/en\/product\/2021-roberto-cavalli-herren-sneaker\/\"]}]},{\"@type\":\"BreadcrumbList\",\"@id\":\"https:\/\/shark-arts.com\/en\/product\/2021-roberto-cavalli-herren-sneaker\/#breadcrumb\",\"itemListElement\":[{\"@type\":\"ListItem\",\"position\":1,\"name\":\"Startseite\",\"item\":\"https:\/\/shark-arts.com\/en\/\"},{\"@type\":\"ListItem\",\"position\":2,\"name\":\"Shop\",\"item\":\"https:\/\/shark-arts.com\/shop\/\"},{\"@type\":\"ListItem\",\"position\":3,\"name\":\"Roberto Cavalli\\u00ae Herren-Sneaker\"}]}]}<\/script>\n<!-- \/ Yoast SEO plugin. -->","_links":{"self":[{"href":"https:\/\/shark-arts.com\/en\/wp-json\/wp\/v2\/product\/1490","targetHints":{"allow":["GET"]}}],"collection":[{"href":"https:\/\/shark-arts.com\/en\/wp-json\/wp\/v2\/product"}],"about":[{"href":"https:\/\/shark-arts.com\/en\/wp-json\/wp\/v2\/types\/product"}],"wp:featuredmedia":[{"embeddable":true,"href":"https:\/\/shark-arts.com\/en\/wp-json\/wp\/v2\/media\/1879"}],"wp:attachment":[{"href":"https:\/\/shark-arts.com\/en\/wp-json\/wp\/v2\/media?parent=1490"}],"wp:term":[{"taxonomy":"product_cat","embeddable":true,"href":"https:\/\/shark-arts.com\/en\/wp-json\/wp\/v2\/product_cat?post=1490"},{"taxonomy":"product_tag","embeddable":true,"href":"https:\/\/shark-arts.com\/en\/wp-json\/wp\/v2\/product_tag?post=1490"}],"curies":[{"name":"wp","href":"https:\/\/api.w.org\/{rel}","templated":true}]}}