{"id":1482,"date":"2021-05-12T17:40:01","date_gmt":"2021-05-12T15:40:01","guid":{"rendered":"https:\/\/shark-arts.com\/?post_type=product&#038;p=1482"},"modified":"2021-06-25T01:23:35","modified_gmt":"2021-06-24T23:23:35","slug":"2021-bogner-rucksack","status":"publish","type":"product","link":"https:\/\/shark-arts.com\/en\/product\/2021-bogner-rucksack\/","title":{"rendered":"Bogner\u00ae Rucksack"},"content":{"rendered":"<p><strong>Nicht Ihr Rucksack, nicht Ihre Gr\u00f6\u00dfe?<br \/>\n<\/strong>Kein Problem, wir k\u00f6nnen die entsprechende Gr\u00f6\u00dfe beschaffen oder Ihre pers\u00f6nlichen Taschen in kunstvolle Unikate verwandeln, <span style=\"text-decoration: underline;\">fragen Sie uns einfach<\/span>.<\/p>\n<p>L\u00e4ngenverstellbare Schultergurte, zwei Rei\u00dfverschlussf\u00e4cher auf Vorderseite, Steckfach auf R\u00fcckseite, inneres Rei\u00dfverschlussfach, gepolsterter R\u00fccken<\/p>\n<p><strong>F\u00e4cher:<\/strong>\u00a0Laptopfach<br \/>\n<strong>Verschluss:<\/strong>\u00a0Rei\u00dfverschluss<br \/>\n<strong>Details:<\/strong>\u00a0Zwei-Wege-Rei\u00dfverschluss<\/p>\n","protected":false},"excerpt":{"rendered":"<p>Der zeitlose und robuste Rucksack von Bogner wurde durch SHARK mit speziellen Lederfarben k\u00fcnstlerisch veredelt.<\/p>\n","protected":false},"featured_media":1893,"template":"","meta":[],"product_cat":[105],"product_tag":[],"class_list":["post-1482","product","type-product","status-publish","has-post-thumbnail","hentry","product_cat-taschen","thumb-has-effect","prod-rating-on"],"yoast_head":"<!-- This site is optimized with the Yoast SEO plugin v16.6.1 - https:\/\/yoast.com\/wordpress\/plugins\/seo\/ -->\n<title>Bogner\u00ae Rucksack - SHARK-Art&#039;s<\/title>\n<meta name=\"robots\" content=\"index, follow, max-snippet:-1, max-image-preview:large, max-video-preview:-1\" \/>\n<link rel=\"canonical\" href=\"https:\/\/shark-arts.com\/en\/product\/2021-bogner-rucksack\/\" \/>\n<meta property=\"og:locale\" content=\"en_US\" \/>\n<meta property=\"og:type\" content=\"article\" \/>\n<meta property=\"og:title\" content=\"Bogner\u00ae Rucksack - SHARK-Art&#039;s\" \/>\n<meta property=\"og:description\" content=\"Der zeitlose und robuste Rucksack von Bogner wurde durch SHARK mit speziellen Lederfarben k\u00fcnstlerisch veredelt.\" \/>\n<meta property=\"og:url\" content=\"https:\/\/shark-arts.com\/en\/product\/2021-bogner-rucksack\/\" \/>\n<meta property=\"og:site_name\" content=\"SHARK-Art&#039;s\" \/>\n<meta property=\"article:modified_time\" content=\"2021-06-24T23:23:35+00:00\" \/>\n<meta property=\"og:image\" content=\"https:\/\/shark-arts.com\/wp-content\/uploads\/2021\/06\/2021-bogner-rucksack_01.jpg\" \/>\n\t<meta property=\"og:image:width\" content=\"1500\" \/>\n\t<meta property=\"og:image:height\" content=\"1500\" \/>\n<meta name=\"twitter:card\" content=\"summary_large_image\" \/>\n<meta name=\"twitter:label1\" content=\"Est. reading time\" \/>\n\t<meta name=\"twitter:data1\" content=\"1 minute\" \/>\n<script type=\"application\/ld+json\" class=\"yoast-schema-graph\">{\"@context\":\"https:\/\/schema.org\",\"@graph\":[{\"@type\":\"WebSite\",\"@id\":\"https:\/\/shark-arts.com\/#website\",\"url\":\"https:\/\/shark-arts.com\/\",\"name\":\"SHARK-Art&#039;s\",\"description\":\"SHOE ART by Kozik\",\"potentialAction\":[{\"@type\":\"SearchAction\",\"target\":{\"@type\":\"EntryPoint\",\"urlTemplate\":\"https:\/\/shark-arts.com\/?s={search_term_string}\"},\"query-input\":\"required name=search_term_string\"}],\"inLanguage\":\"en-US\"},{\"@type\":\"ImageObject\",\"@id\":\"https:\/\/shark-arts.com\/en\/product\/2021-bogner-rucksack\/#primaryimage\",\"inLanguage\":\"en-US\",\"url\":\"https:\/\/shark-arts.com\/wp-content\/uploads\/2021\/06\/2021-bogner-rucksack_01.jpg\",\"contentUrl\":\"https:\/\/shark-arts.com\/wp-content\/uploads\/2021\/06\/2021-bogner-rucksack_01.jpg\",\"width\":1500,\"height\":1500,\"caption\":\"Bogner\\u00ae Rucksack\"},{\"@type\":\"WebPage\",\"@id\":\"https:\/\/shark-arts.com\/en\/product\/2021-bogner-rucksack\/#webpage\",\"url\":\"https:\/\/shark-arts.com\/en\/product\/2021-bogner-rucksack\/\",\"name\":\"Bogner\\u00ae Rucksack - SHARK-Art&#039;s\",\"isPartOf\":{\"@id\":\"https:\/\/shark-arts.com\/#website\"},\"primaryImageOfPage\":{\"@id\":\"https:\/\/shark-arts.com\/en\/product\/2021-bogner-rucksack\/#primaryimage\"},\"datePublished\":\"2021-05-12T15:40:01+00:00\",\"dateModified\":\"2021-06-24T23:23:35+00:00\",\"breadcrumb\":{\"@id\":\"https:\/\/shark-arts.com\/en\/product\/2021-bogner-rucksack\/#breadcrumb\"},\"inLanguage\":\"en-US\",\"potentialAction\":[{\"@type\":\"ReadAction\",\"target\":[\"https:\/\/shark-arts.com\/en\/product\/2021-bogner-rucksack\/\"]}]},{\"@type\":\"BreadcrumbList\",\"@id\":\"https:\/\/shark-arts.com\/en\/product\/2021-bogner-rucksack\/#breadcrumb\",\"itemListElement\":[{\"@type\":\"ListItem\",\"position\":1,\"name\":\"Startseite\",\"item\":\"https:\/\/shark-arts.com\/en\/\"},{\"@type\":\"ListItem\",\"position\":2,\"name\":\"Shop\",\"item\":\"https:\/\/shark-arts.com\/shop\/\"},{\"@type\":\"ListItem\",\"position\":3,\"name\":\"Bogner\\u00ae Rucksack\"}]}]}<\/script>\n<!-- \/ Yoast SEO plugin. -->","_links":{"self":[{"href":"https:\/\/shark-arts.com\/en\/wp-json\/wp\/v2\/product\/1482","targetHints":{"allow":["GET"]}}],"collection":[{"href":"https:\/\/shark-arts.com\/en\/wp-json\/wp\/v2\/product"}],"about":[{"href":"https:\/\/shark-arts.com\/en\/wp-json\/wp\/v2\/types\/product"}],"wp:featuredmedia":[{"embeddable":true,"href":"https:\/\/shark-arts.com\/en\/wp-json\/wp\/v2\/media\/1893"}],"wp:attachment":[{"href":"https:\/\/shark-arts.com\/en\/wp-json\/wp\/v2\/media?parent=1482"}],"wp:term":[{"taxonomy":"product_cat","embeddable":true,"href":"https:\/\/shark-arts.com\/en\/wp-json\/wp\/v2\/product_cat?post=1482"},{"taxonomy":"product_tag","embeddable":true,"href":"https:\/\/shark-arts.com\/en\/wp-json\/wp\/v2\/product_tag?post=1482"}],"curies":[{"name":"wp","href":"https:\/\/api.w.org\/{rel}","templated":true}]}}